{"id":11,"date":"2020-11-25T14:07:22","date_gmt":"2020-11-25T14:07:22","guid":{"rendered":"http:\/\/en.pocsikorsolya.hu\/?page_id=11"},"modified":"2021-09-21T12:27:25","modified_gmt":"2021-09-21T12:27:25","slug":"curriculum-vitae","status":"publish","type":"page","link":"http:\/\/en.pocsikorsolya.hu\/","title":{"rendered":"Curriculum Vitae"},"content":{"rendered":"\n<figure class=\"wp-block-table\"><table><tbody><tr><td>\n      <p>&nbsp;<\/p>\n    <\/td><td>\n      <p><strong>Studies<\/strong><strong>:<\/strong><\/p>\n    <\/td><\/tr><tr><td>\n      <p><strong>PhD<\/strong><\/p>\n    <\/td><td>\n      <p><strong>Doctoral<\/strong> <strong>Program of Regional Sciences,<\/strong> 09\/2018-, <strong>Doctoral<\/strong> <strong>School of Management and Regional Sciences&nbsp;<\/strong>, <strong>Szent Istvan University<\/strong>,<strong>G\u00f6d\u00f6ll\u0151<\/strong>, state scholarship<\/p>\n    <\/td><\/tr><tr><td>\n      <p>&nbsp;<\/p>\n    <\/td><td>\n      <p>&nbsp;<\/p>\n    <\/td><\/tr><tr><td>\n      <p><strong>MSC<\/strong><\/p>\n    <\/td><td>\n      <p><strong>Master of Science in Teacher of Economics,<\/strong> 09\/2016- 06\/2017 <strong>Budapest Business School University of Applied Sciences<\/strong>, <strong>Budapest,<\/strong> state scholarship<\/p>\n    <\/td><\/tr><tr><td>\n      <p>&nbsp;<\/p>\n    <\/td><td>\n      <p>&nbsp;<\/p>\n    <\/td><\/tr><tr><td>\n      <p><strong>MA<\/strong><\/p>\n    <\/td><td>\n      <p><strong>Master\u2019s<\/strong> <strong>degree in Teacher of Educational Science,<\/strong> 09\/2011 -06\/2013 <strong>University of Debrecen, Debrecen<\/strong><\/p>\n    <\/td><\/tr><tr><td>\n      <p>&nbsp;<\/p>\n    <\/td><td>\n      <p>&nbsp;<\/p>\n    <\/td><\/tr><tr><td>\n      <p><strong>MBA<\/strong><\/p>\n    <\/td><td>\n      <p><strong>Master of Business Administration Manager,<\/strong> 09\/2003-06\/2007 (English Hungarian Training Program), <strong>University of Miskolc, Miskolc<\/strong><\/p>\n    <\/td><\/tr><tr><td>\n      <p>&nbsp;<\/p>\n    <\/td><td>\n      <p>&nbsp;<\/p>\n    <\/td><\/tr><tr><td>\n      <p><strong>BA<\/strong><\/p>\n    <\/td><td>\n      <p><strong>Bachelor<\/strong> <strong>Degree in Primary Education, Specialization English Grammar and Literature,<\/strong> 09\/1998-06\/2002, <strong>Collage<\/strong> <strong>of Ny\u00edregyh\u00e1za,<\/strong> <strong>Ny\u00edregyh\u00e1za,<\/strong> state sholarship<\/p>\n    <\/td><\/tr><tr><td>\n      <p>&nbsp;<\/p>\n    <\/td><td>\n      <p>&nbsp;<\/p>\n    <\/td><\/tr><tr><td>\n      <p>&nbsp;<\/p>\n    <\/td><td>\n      <p><strong>Languages<\/strong><strong>:<\/strong><\/p>\n    <\/td><\/tr><tr><td>\n      <p><strong>English:<\/strong><\/p>\n    <\/td><td>\n      <p>C1 advanced<\/p>\n    <\/td><\/tr><tr><td>\n      <p><strong>German<\/strong><strong>:<\/strong><\/p>\n    <\/td><td>\n      <p>B2 Intermediate, A2 elementary<\/p>\n    <\/td><\/tr><tr><td><strong>Spanish:<\/strong><\/td><td>A2 elementary<\/td><\/tr><tr><td>\n      <p><strong>Hungarian<\/strong><strong>:<\/strong><\/p>\n    <\/td><td>\n      <p>Nativ language<\/p>\n    <\/td><\/tr><tr><td>\n      <p>&nbsp;<\/p>\n    <\/td><td>\n      <p><strong>Researches<\/strong><strong>:<\/strong><\/p>\n    <\/td><\/tr><tr><td>\n      <p>&nbsp;<\/p>\n    <\/td><td>\n      <p>Foreign Direct Investments (FDI), introduction of euro, analyses of macroeconomics<\/p>\n    <\/td><\/tr><tr><td>\n      <p><strong>Research Fields:<\/strong><\/p>\n    <\/td><td>\n      <p><strong>The examination of economic and social factors, regional process in macroeconomic policies (especially in Europe focusing on Visegrad group)<\/strong><\/p>\n      <p>Regional Finances, Foreign Direct Investments (FDI), global finaces and regional education studies<\/p>\n    <\/td><\/tr><tr><td>\n      <p>&nbsp;<\/p>\n    <\/td><td>\n      <p><strong>Experiences<\/strong><strong>:<\/strong><\/p>\n    <\/td><\/tr><tr><td>\n      <p>&nbsp;<\/p>\n    <\/td><td>\n      <p>11 years of high school teaching experience and ongoing PhD study<\/p>\n    <\/td><\/tr><tr><td>\n      <p>&nbsp;<\/p>\n    <\/td><td>\n      <p><strong>Publications<\/strong><strong>:<\/strong><\/p>\n    <\/td><\/tr><tr><td>\n      <p>&nbsp;<\/p>\n    <\/td><td>\n      <p>Find it under \u2019Menu\u2019item<\/p>\n    <\/td><\/tr><tr><td>\n      <p>&nbsp;<\/p>\n    <\/td><td>\n      <p><strong>Scientific<\/strong> <strong>Awards, Prizes &amp; Scholarships:<\/strong><\/p>\n    <\/td><\/tr><tr><td>\n      <p>&nbsp;<\/p>\n    <\/td><td>\n      <p><strong>\u00daNKP (\u00daj Nemzeti Kiv\u00e1l\u00f3s\u00e1g Program):&nbsp;<\/strong><\/p>\n      <p>\u00daNKP-20-3-II New National Excellence Program of the Ministry for Innovation and Technology from the Source of The National Research, Development and Innovation Fund.\u201d<\/p>\n      <p>It\u2019s a kind of sholarship, what supports the BA, BSC, MA, MSC, and PhD Students, as well as, young lectureres and researchers, whose carry out succesful researches and creative activites in the Higher Education insitiutes, what are involved in the Program. Period of Allowance: 12 months (1\/09\/2020.-31\/08\/2021.)<\/p>\n    <\/td><\/tr><tr><td>\n      <p>&nbsp;<\/p>\n    <\/td><td>\n      <p><strong>Certificate<\/strong> <strong>of merits:<\/strong><\/p>\n    <\/td><\/tr><tr><td>\n      <p>&nbsp;<\/p>\n    <\/td><td>\n      <p>\u201eThe Safe and Secured Rural Areas, as the Fundament of The Functionable State\u201d nemzetk\u00f6zi konferencia magas sz\u00ednvonal\u00fa programszervez\u0151i tev\u00e9kenys\u00e9g\u00e9\u00e9rt. -2018. szept., Szent Istv\u00e1n Egyetem, G\u00f6d\u00f6ll\u0151 \u201eMagyar Tudom\u00e1ny \u00dcnnepe- 2019\u201d rendezv\u00e9nysorozat keret\u00e9ben a Szent Istv\u00e1n Egyetem Gazdas\u00e1g- \u00e9s T\u00e1rsadalomtudom\u00e1nyi Kar \u00e1ltal 2019. november 4-30. k\u00f6z\u00f6tt rendezett tudom\u00e1nyos szakmai konferencia magas sz\u00ednvonal\u00fa szervez\u00e9s\u00e9nek elismer\u00e9s\u00e9\u00fcl. A XXXIV. Orsz\u00e1gos Tudom\u00e1nyos Di\u00e1kk\u00f6ri Konferencia (OTDK) T\u00e1rsadalomtudom\u00e1nyi szekci\u00f3j\u00e1ban v\u00e9gzett tiszteletet \u00e9rdeml\u0151 szervez\u0151 munk\u00e1j\u00e1\u00e9rt. Certificate of Attendence: For Participatin actively in the International Conference entitled 5th Winter Conference of Economics PhD students and Researchers. The conference was held at Szent Istvan University in G\u00f6d\u00f6ll\u0151, Hungary on 22nd February 2019 organized by the Association of Hungarian Phd and DLA Students (DOSZ), Section of Economics in cooperation with Szent Istv\u00e1n University. Certificate of Attendence: For Participatin actively in the International Conference entitled 6th Winter Conference of Economics PhD students and Researchers. The conference was held at Szent Istvan University in G\u00f6d\u00f6ll\u0151, Hungary on 28th February 2020 organized by the Association of Hungarian Phd and DLA Students (DOSZ), Section of Economics in cooperation with Szent Istv\u00e1n University.<\/p>\n    <\/td><\/tr><tr><td>\n      <p>&nbsp;<\/p>\n    <\/td><td>\n      <p><strong>Member<\/strong> <strong>in the following Associatons:<\/strong><\/p>\n    <\/td><\/tr><tr><td>\n      <h4>The Hungarian Pedagogical Association (HPA)<\/h4>\n    <\/td><td>\n      <p>The Supervisory Committee, Permanent Invitee<\/p>\n    <\/td><\/tr><tr><td>\n      <p><strong>Association<\/strong> <strong>of Hungarian PhD and DLA Candidates<\/strong> \u2013<strong>Section<\/strong> <strong>of Economics<\/strong><\/p>\n    <\/td><td>\n      <p><strong>Member<\/strong> <strong>of the Chair<\/strong><\/p>\n    <\/td><\/tr><tr><td>\n      <p><strong>Hungarian<\/strong> <strong>Economic Association (HEA<\/strong>)<\/p>\n    <\/td><td>\n      <p>member<\/p>\n    <\/td><\/tr><tr><td>\n      <strong>HERA \u2013Hungarian Educational Research Association<\/strong>\n    <\/td><td>\n      <p>member<\/p>\n    <\/td><\/tr><\/tbody><\/table><\/figure>\n","protected":false},"excerpt":{"rendered":"<p>&nbsp; Studies: PhD Doctoral Program of Regional Sciences, 09\/2018-, Doctoral School of Management and Regional Sciences&nbsp;, Szent Istvan University,G\u00f6d\u00f6ll\u0151, state scholarship &nbsp; &nbsp; MSC Master of Science in Teacher of Economics, 09\/2016- 06\/2017 Budapest Business School University of Applied Sciences, Budapest, state scholarship &nbsp; &nbsp; MA Master\u2019s degree in Teacher of Educational Science, 09\/2011 -06\/2013&#8230;<\/p>\n","protected":false},"author":1,"featured_media":0,"parent":0,"menu_order":0,"comment_status":"closed","ping_status":"closed","template":"","meta":[],"_links":{"self":[{"href":"http:\/\/en.pocsikorsolya.hu\/index.php\/wp-json\/wp\/v2\/pages\/11"}],"collection":[{"href":"http:\/\/en.pocsikorsolya.hu\/index.php\/wp-json\/wp\/v2\/pages"}],"about":[{"href":"http:\/\/en.pocsikorsolya.hu\/index.php\/wp-json\/wp\/v2\/types\/page"}],"author":[{"embeddable":true,"href":"http:\/\/en.pocsikorsolya.hu\/index.php\/wp-json\/wp\/v2\/users\/1"}],"replies":[{"embeddable":true,"href":"http:\/\/en.pocsikorsolya.hu\/index.php\/wp-json\/wp\/v2\/comments?post=11"}],"version-history":[{"count":4,"href":"http:\/\/en.pocsikorsolya.hu\/index.php\/wp-json\/wp\/v2\/pages\/11\/revisions"}],"predecessor-version":[{"id":32,"href":"http:\/\/en.pocsikorsolya.hu\/index.php\/wp-json\/wp\/v2\/pages\/11\/revisions\/32"}],"wp:attachment":[{"href":"http:\/\/en.pocsikorsolya.hu\/index.php\/wp-json\/wp\/v2\/media?parent=11"}],"curies":[{"name":"wp","href":"https:\/\/api.w.org\/{rel}","templated":true}]}}