{"id":15,"date":"2020-11-25T14:09:08","date_gmt":"2020-11-25T14:09:08","guid":{"rendered":"http:\/\/en.pocsikorsolya.hu\/?page_id=15"},"modified":"2020-12-14T14:11:40","modified_gmt":"2020-12-14T14:11:40","slug":"contact","status":"publish","type":"page","link":"http:\/\/en.pocsikorsolya.hu\/index.php\/contact\/","title":{"rendered":"Contact"},"content":{"rendered":"\n<p><strong>E-mail :<\/strong><br>Pocsik.Orsolya@phd.uni-szie.hu<br>orsolya.pocsik@gmail.com<\/p>\n\n\n\n<p><strong>Mailing address:<\/strong><br>P\u00f3csik Orsolya, PhD hallgat\u00f3<br>Szent Istv\u00e1n Egyetem<br>Gazdas\u00e1g- \u00e9s T\u00e1rsadalomtudom\u00e1nyi Kar<br>Agrobiznisz Int\u00e9zet (Gazdas\u00e1g- \u00e9s Region\u00e1lis tudom\u00e1nyi Doktori Iskola)<br>G\u00f6d\u00f6ll\u0151<br>P\u00e1ter K\u00e1roly utca 1.<br>2100<br>Hungary<\/p>\n\n\n\n<p><strong>Contact Form<\/strong><br><\/p>\n\n\n\n<div class=\"wp-block-contact-form-7-contact-form-selector\"><div role=\"form\" class=\"wpcf7\" id=\"wpcf7-f29-o1\" lang=\"hu-HU\" dir=\"ltr\">\n<div class=\"screen-reader-response\"><p role=\"status\" aria-live=\"polite\" aria-atomic=\"true\"><\/p> <ul><\/ul><\/div>\n<form action=\"\/index.php\/wp-json\/wp\/v2\/pages\/15#wpcf7-f29-o1\" method=\"post\" class=\"wpcf7-form init\" novalidate=\"novalidate\" data-status=\"init\">\n<div style=\"display: none;\">\n<input type=\"hidden\" name=\"_wpcf7\" value=\"29\" \/>\n<input type=\"hidden\" name=\"_wpcf7_version\" value=\"5.3.1\" \/>\n<input type=\"hidden\" name=\"_wpcf7_locale\" value=\"hu_HU\" \/>\n<input type=\"hidden\" name=\"_wpcf7_unit_tag\" value=\"wpcf7-f29-o1\" \/>\n<input type=\"hidden\" name=\"_wpcf7_container_post\" value=\"0\" \/>\n<input type=\"hidden\" name=\"_wpcf7_posted_data_hash\" value=\"\" \/>\n<input type=\"hidden\" name=\"_wpcf7_recaptcha_response\" value=\"\" \/>\n<\/div>\n<p><label> Name<br \/>\n    <span class=\"wpcf7-form-control-wrap your-name\"><input type=\"text\" name=\"your-name\" value=\"\" size=\"40\" class=\"wpcf7-form-control wpcf7-text wpcf7-validates-as-required\" aria-required=\"true\" aria-invalid=\"false\" \/><\/span> <\/label><\/p>\n<p><label> E-mail<br \/>\n    <span class=\"wpcf7-form-control-wrap your-email\"><input type=\"email\" name=\"your-email\" value=\"\" size=\"40\" class=\"wpcf7-form-control wpcf7-text wpcf7-email wpcf7-validates-as-required wpcf7-validates-as-email\" aria-required=\"true\" aria-invalid=\"false\" \/><\/span> <\/label><\/p>\n<p><label> Subject<br \/>\n    <span class=\"wpcf7-form-control-wrap your-subject\"><input type=\"text\" name=\"your-subject\" value=\"\" size=\"40\" class=\"wpcf7-form-control wpcf7-text wpcf7-validates-as-required\" aria-required=\"true\" aria-invalid=\"false\" \/><\/span> <\/label><\/p>\n<p><label> Message (optional)<br \/>\n    <span class=\"wpcf7-form-control-wrap your-message\"><textarea name=\"your-message\" cols=\"40\" rows=\"10\" class=\"wpcf7-form-control wpcf7-textarea\" aria-invalid=\"false\"><\/textarea><\/span> <\/label><\/p>\n<p><input type=\"submit\" value=\"Submit\" class=\"wpcf7-form-control wpcf7-submit\" \/><\/p>\n<div class=\"wpcf7-response-output\" aria-hidden=\"true\"><\/div><\/form><\/div><\/div>\n","protected":false},"excerpt":{"rendered":"<p>E-mail :Pocsik.Orsolya@phd.uni-szie.huorsolya.pocsik@gmail.com Mailing address:P\u00f3csik Orsolya, PhD hallgat\u00f3Szent Istv\u00e1n EgyetemGazdas\u00e1g- \u00e9s T\u00e1rsadalomtudom\u00e1nyi KarAgrobiznisz Int\u00e9zet (Gazdas\u00e1g- \u00e9s Region\u00e1lis tudom\u00e1nyi Doktori Iskola)G\u00f6d\u00f6ll\u0151P\u00e1ter K\u00e1roly utca 1.2100Hungary Contact Form<\/p>\n","protected":false},"author":1,"featured_media":0,"parent":0,"menu_order":0,"comment_status":"closed","ping_status":"closed","template":"","meta":[],"_links":{"self":[{"href":"http:\/\/en.pocsikorsolya.hu\/index.php\/wp-json\/wp\/v2\/pages\/15"}],"collection":[{"href":"http:\/\/en.pocsikorsolya.hu\/index.php\/wp-json\/wp\/v2\/pages"}],"about":[{"href":"http:\/\/en.pocsikorsolya.hu\/index.php\/wp-json\/wp\/v2\/types\/page"}],"author":[{"embeddable":true,"href":"http:\/\/en.pocsikorsolya.hu\/index.php\/wp-json\/wp\/v2\/users\/1"}],"replies":[{"embeddable":true,"href":"http:\/\/en.pocsikorsolya.hu\/index.php\/wp-json\/wp\/v2\/comments?post=15"}],"version-history":[{"count":2,"href":"http:\/\/en.pocsikorsolya.hu\/index.php\/wp-json\/wp\/v2\/pages\/15\/revisions"}],"predecessor-version":[{"id":30,"href":"http:\/\/en.pocsikorsolya.hu\/index.php\/wp-json\/wp\/v2\/pages\/15\/revisions\/30"}],"wp:attachment":[{"href":"http:\/\/en.pocsikorsolya.hu\/index.php\/wp-json\/wp\/v2\/media?parent=15"}],"curies":[{"name":"wp","href":"https:\/\/api.w.org\/{rel}","templated":true}]}}